{"id":585,"date":"2016-09-28T18:51:47","date_gmt":"2016-09-28T22:51:47","guid":{"rendered":"http:\/\/www.kunphen.ca\/gosokrinpoche\/?page_id=585"},"modified":"2019-04-19T20:25:24","modified_gmt":"2019-04-20T00:25:24","slug":"monasteries-and-centers-vi","status":"publish","type":"page","link":"https:\/\/www.gosokrinpoche.com\/vi\/monasteries-and-centers-vi\/","title":{"rendered":"Kyabje Gosok Rinpoche C\u00e1c tu vi\u1ec7n v\u00e0 c\u00e1c trung t\u00e2m"},"content":{"rendered":"<div data-elementor-type=\"wp-post\" data-elementor-id=\"585\" class=\"elementor elementor-585 elementor-308\" data-elementor-settings='{\"element_pack_global_tooltip_width\":{\"unit\":\"px\",\"size\":\"\",\"sizes\":[]},\"element_pack_global_tooltip_width_tablet\":{\"unit\":\"px\",\"size\":\"\",\"sizes\":[]},\"element_pack_global_tooltip_width_mobile\":{\"unit\":\"px\",\"size\":\"\",\"sizes\":[]},\"element_pack_global_tooltip_padding\":{\"unit\":\"px\",\"top\":\"\",\"right\":\"\",\"bottom\":\"\",\"left\":\"\",\"isLinked\":true},\"element_pack_global_tooltip_padding_tablet\":{\"unit\":\"px\",\"top\":\"\",\"right\":\"\",\"bottom\":\"\",\"left\":\"\",\"isLinked\":true},\"element_pack_global_tooltip_padding_mobile\":{\"unit\":\"px\",\"top\":\"\",\"right\":\"\",\"bottom\":\"\",\"left\":\"\",\"isLinked\":true},\"element_pack_global_tooltip_border_radius\":{\"unit\":\"px\",\"top\":\"\",\"right\":\"\",\"bottom\":\"\",\"left\":\"\",\"isLinked\":true},\"element_pack_global_tooltip_border_radius_tablet\":{\"unit\":\"px\",\"top\":\"\",\"right\":\"\",\"bottom\":\"\",\"left\":\"\",\"isLinked\":true},\"element_pack_global_tooltip_border_radius_mobile\":{\"unit\":\"px\",\"top\":\"\",\"right\":\"\",\"bottom\":\"\",\"left\":\"\",\"isLinked\":true}}' data-elementor-post-type=\"page\">\n\t\t\t\t\t\t<section class=\"elementor-section elementor-top-section elementor-element elementor-element-v17et5z elementor-section-boxed elementor-section-height-default elementor-section-height-default\" data-id=\"v17et5z\" data-element_type=\"section\" data-e-type=\"section\">\n\t\t\t\t\t\t<div class=\"elementor-container elementor-column-gap-default\">\n\t\t\t\t\t<div class=\"elementor-column elementor-col-100 elementor-top-column elementor-element elementor-element-rx9bar0\" data-id=\"rx9bar0\" data-element_type=\"column\" data-e-type=\"column\">\n\t\t\t<div class=\"elementor-widget-wrap elementor-element-populated\">\n\t\t\t\t\t\t<div class=\"elementor-element elementor-element-b2ae523 elementor-widget elementor-widget-heading\" data-id=\"b2ae523\" data-element_type=\"widget\" data-e-type=\"widget\" data-widget_type=\"heading.default\">\n\t\t\t\t\t<h2 class=\"elementor-heading-title elementor-size-default\">Kyabje Gosok Rinpoche C&aacute;c tu vi&#7879;n v&agrave; c&aacute;c trung t&acirc;m<\/h2>\t\t\t\t<\/div>\n\t\t\t\t<div class=\"elementor-element elementor-element-jwc5k64 elementor-widget elementor-widget-template\" data-id=\"jwc5k64\" data-element_type=\"widget\" data-e-type=\"widget\" data-widget_type=\"template.default\">\n\t\t\t\t<div class=\"elementor-widget-container\">\n\t\t\t\t\t\t\t<div class=\"elementor-template\">\n\t\t\t\t\t<div data-elementor-type=\"page\" data-elementor-id=\"2976\" class=\"elementor elementor-2976\" data-elementor-settings='{\"element_pack_global_tooltip_width\":{\"unit\":\"px\",\"size\":\"\",\"sizes\":[]},\"element_pack_global_tooltip_width_tablet\":{\"unit\":\"px\",\"size\":\"\",\"sizes\":[]},\"element_pack_global_tooltip_width_mobile\":{\"unit\":\"px\",\"size\":\"\",\"sizes\":[]},\"element_pack_global_tooltip_padding\":{\"unit\":\"px\",\"top\":\"\",\"right\":\"\",\"bottom\":\"\",\"left\":\"\",\"isLinked\":true},\"element_pack_global_tooltip_padding_tablet\":{\"unit\":\"px\",\"top\":\"\",\"right\":\"\",\"bottom\":\"\",\"left\":\"\",\"isLinked\":true},\"element_pack_global_tooltip_padding_mobile\":{\"unit\":\"px\",\"top\":\"\",\"right\":\"\",\"bottom\":\"\",\"left\":\"\",\"isLinked\":true},\"element_pack_global_tooltip_border_radius\":{\"unit\":\"px\",\"top\":\"\",\"right\":\"\",\"bottom\":\"\",\"left\":\"\",\"isLinked\":true},\"element_pack_global_tooltip_border_radius_tablet\":{\"unit\":\"px\",\"top\":\"\",\"right\":\"\",\"bottom\":\"\",\"left\":\"\",\"isLinked\":true},\"element_pack_global_tooltip_border_radius_mobile\":{\"unit\":\"px\",\"top\":\"\",\"right\":\"\",\"bottom\":\"\",\"left\":\"\",\"isLinked\":true}}' data-elementor-post-type=\"elementor_library\">\n\t\t\t\t<div class=\"elementor-element elementor-element-ee82083 e-flex e-con-boxed e-con e-parent\" data-id=\"ee82083\" data-element_type=\"container\" data-e-type=\"container\">\n\t\t\t\t\t<div class=\"e-con-inner\">\n\t\t<div class=\"elementor-element elementor-element-c74d354 e-con-full e-flex e-con e-child\" data-id=\"c74d354\" data-element_type=\"container\" data-e-type=\"container\">\n\t\t\t\t<\/div>\n\t\t\t\t\t<\/div>\n\t\t\t\t<\/div>\n\t\t\t\t<\/div>\n\t\t\t\t<\/div>\n\t\t\t\t\t\t<\/div>\n\t\t\t\t<\/div>\n\t\t\t\t\t<\/div>\n\t\t<\/div>\n\t\t\t\t\t<\/div>\n\t\t<\/section>\n\t\t\t\t<\/div>\n\t\t","protected":false},"excerpt":{"rendered":"","protected":false},"author":3,"featured_media":6392,"parent":0,"menu_order":48,"comment_status":"closed","ping_status":"closed","template":"elementor_header_footer","meta":{"footnotes":""},"categories":[],"tags":[],"class_list":["post-585","page","type-page","status-publish","has-post-thumbnail","hentry"],"yoast_head":"<!-- This site is optimized with the Yoast SEO plugin v27.3 - https:\/\/yoast.com\/product\/yoast-seo-wordpress\/ -->\n<title>Kyabje Gosok Rinpoche C\u00e1c tu vi\u1ec7n v\u00e0 c\u00e1c trung t\u00e2m - Jangtse Choje His Eminence Kyabje Gosok Rinpoche Global Website<\/title>\n<meta name=\"description\" content=\"C\u00e1c tu vi\u1ec7n v\u00e0 c\u00e1c trung t\u00e2m \u00d4ng Eminence Kyabje Gosok Rinpoche\" \/>\n<meta name=\"robots\" content=\"index, follow, max-snippet:-1, max-image-preview:large, max-video-preview:-1\" \/>\n<link rel=\"canonical\" href=\"https:\/\/www.gosokrinpoche.com\/vi\/monasteries-and-centers-vi\/\" \/>\n<meta property=\"og:locale\" content=\"vi_VN\" \/>\n<meta property=\"og:type\" content=\"article\" \/>\n<meta property=\"og:title\" content=\"Kyabje Gosok Rinpoche C\u00e1c tu vi\u1ec7n v\u00e0 c\u00e1c trung t\u00e2m - Jangtse Choje His Eminence Kyabje Gosok Rinpoche Global Website\" \/>\n<meta property=\"og:description\" content=\"C\u00e1c tu vi\u1ec7n v\u00e0 c\u00e1c trung t\u00e2m \u00d4ng Eminence Kyabje Gosok Rinpoche\" \/>\n<meta property=\"og:url\" content=\"https:\/\/www.gosokrinpoche.com\/vi\/monasteries-and-centers-vi\/\" \/>\n<meta property=\"og:site_name\" content=\"Jangtse Choje His Eminence Kyabje Gosok Rinpoche Global Website\" \/>\n<meta property=\"article:modified_time\" content=\"2019-04-20T00:25:24+00:00\" \/>\n<meta property=\"og:image\" content=\"https:\/\/www.gosokrinpoche.com\/wp-content\/uploads\/2016\/09\/Gosok-Rinpoche-2015-DSC00108crop-e1554871410516.jpg\" \/>\n\t<meta property=\"og:image:width\" content=\"1052\" \/>\n\t<meta property=\"og:image:height\" content=\"800\" \/>\n\t<meta property=\"og:image:type\" content=\"image\/jpeg\" \/>\n<meta name=\"twitter:card\" content=\"summary_large_image\" \/>\n<script type=\"application\/ld+json\" class=\"yoast-schema-graph\">{\"@context\":\"https:\\\/\\\/schema.org\",\"@graph\":[{\"@type\":\"WebPage\",\"@id\":\"https:\\\/\\\/www.gosokrinpoche.com\\\/vi\\\/monasteries-and-centers-vi\\\/\",\"url\":\"https:\\\/\\\/www.gosokrinpoche.com\\\/vi\\\/monasteries-and-centers-vi\\\/\",\"name\":\"Kyabje Gosok Rinpoche C\u00e1c tu vi\u1ec7n v\u00e0 c\u00e1c trung t\u00e2m - Jangtse Choje His Eminence Kyabje Gosok Rinpoche Global Website\",\"isPartOf\":{\"@id\":\"https:\\\/\\\/www.gosokrinpoche.com\\\/vi\\\/#website\"},\"primaryImageOfPage\":{\"@id\":\"https:\\\/\\\/www.gosokrinpoche.com\\\/vi\\\/monasteries-and-centers-vi\\\/#primaryimage\"},\"image\":{\"@id\":\"https:\\\/\\\/www.gosokrinpoche.com\\\/vi\\\/monasteries-and-centers-vi\\\/#primaryimage\"},\"thumbnailUrl\":\"https:\\\/\\\/www.gosokrinpoche.com\\\/wp-content\\\/uploads\\\/2016\\\/09\\\/Gosok-Rinpoche-2015-DSC00108crop-e1554871410516.jpg\",\"datePublished\":\"2016-09-28T22:51:47+00:00\",\"dateModified\":\"2019-04-20T00:25:24+00:00\",\"description\":\"C\u00e1c tu vi\u1ec7n v\u00e0 c\u00e1c trung t\u00e2m \u00d4ng Eminence Kyabje Gosok Rinpoche\",\"breadcrumb\":{\"@id\":\"https:\\\/\\\/www.gosokrinpoche.com\\\/vi\\\/monasteries-and-centers-vi\\\/#breadcrumb\"},\"inLanguage\":\"vi-VN\",\"potentialAction\":[{\"@type\":\"ReadAction\",\"target\":[\"https:\\\/\\\/www.gosokrinpoche.com\\\/vi\\\/monasteries-and-centers-vi\\\/\"]}]},{\"@type\":\"ImageObject\",\"inLanguage\":\"vi-VN\",\"@id\":\"https:\\\/\\\/www.gosokrinpoche.com\\\/vi\\\/monasteries-and-centers-vi\\\/#primaryimage\",\"url\":\"https:\\\/\\\/www.gosokrinpoche.com\\\/wp-content\\\/uploads\\\/2016\\\/09\\\/Gosok-Rinpoche-2015-DSC00108crop-e1554871410516.jpg\",\"contentUrl\":\"https:\\\/\\\/www.gosokrinpoche.com\\\/wp-content\\\/uploads\\\/2016\\\/09\\\/Gosok-Rinpoche-2015-DSC00108crop-e1554871410516.jpg\",\"width\":1052,\"height\":800},{\"@type\":\"BreadcrumbList\",\"@id\":\"https:\\\/\\\/www.gosokrinpoche.com\\\/vi\\\/monasteries-and-centers-vi\\\/#breadcrumb\",\"itemListElement\":[{\"@type\":\"ListItem\",\"position\":1,\"name\":\"Home\",\"item\":\"https:\\\/\\\/www.gosokrinpoche.com\\\/vi\\\/\"},{\"@type\":\"ListItem\",\"position\":2,\"name\":\"Kyabje Gosok Rinpoche C\u00e1c tu vi\u1ec7n v\u00e0 c\u00e1c trung t\u00e2m\"}]},{\"@type\":\"WebSite\",\"@id\":\"https:\\\/\\\/www.gosokrinpoche.com\\\/vi\\\/#website\",\"url\":\"https:\\\/\\\/www.gosokrinpoche.com\\\/vi\\\/\",\"name\":\"Jangtse Choje His Eminence Kyabje Gosok Rinpoche\",\"description\":\"Official Global Site of His Eminence Jangtse Choje Gosok Rinpoche\",\"publisher\":{\"@id\":\"https:\\\/\\\/www.gosokrinpoche.com\\\/vi\\\/#organization\"},\"potentialAction\":[{\"@type\":\"SearchAction\",\"target\":{\"@type\":\"EntryPoint\",\"urlTemplate\":\"https:\\\/\\\/www.gosokrinpoche.com\\\/vi\\\/?s={search_term_string}\"},\"query-input\":{\"@type\":\"PropertyValueSpecification\",\"valueRequired\":true,\"valueName\":\"search_term_string\"}}],\"inLanguage\":\"vi-VN\"},{\"@type\":\"Organization\",\"@id\":\"https:\\\/\\\/www.gosokrinpoche.com\\\/vi\\\/#organization\",\"name\":\"Gosok Rinpoche\",\"url\":\"https:\\\/\\\/www.gosokrinpoche.com\\\/vi\\\/\",\"logo\":{\"@type\":\"ImageObject\",\"inLanguage\":\"vi-VN\",\"@id\":\"https:\\\/\\\/www.gosokrinpoche.com\\\/vi\\\/#\\\/schema\\\/logo\\\/image\\\/\",\"url\":\"https:\\\/\\\/www.gosokrinpoche.com\\\/wp-content\\\/uploads\\\/2016\\\/09\\\/kunphen-logo.jpg\",\"contentUrl\":\"https:\\\/\\\/www.gosokrinpoche.com\\\/wp-content\\\/uploads\\\/2016\\\/09\\\/kunphen-logo.jpg\",\"width\":312,\"height\":300,\"caption\":\"Gosok Rinpoche\"},\"image\":{\"@id\":\"https:\\\/\\\/www.gosokrinpoche.com\\\/vi\\\/#\\\/schema\\\/logo\\\/image\\\/\"}}]}<\/script>\n<!-- \/ Yoast SEO plugin. -->","yoast_head_json":{"title":"Kyabje Gosok Rinpoche C\u00e1c tu vi\u1ec7n v\u00e0 c\u00e1c trung t\u00e2m - Jangtse Choje His Eminence Kyabje Gosok Rinpoche Global Website","description":"C\u00e1c tu vi\u1ec7n v\u00e0 c\u00e1c trung t\u00e2m \u00d4ng Eminence Kyabje Gosok Rinpoche","robots":{"index":"index","follow":"follow","max-snippet":"max-snippet:-1","max-image-preview":"max-image-preview:large","max-video-preview":"max-video-preview:-1"},"canonical":"https:\/\/www.gosokrinpoche.com\/vi\/monasteries-and-centers-vi\/","og_locale":"vi_VN","og_type":"article","og_title":"Kyabje Gosok Rinpoche C\u00e1c tu vi\u1ec7n v\u00e0 c\u00e1c trung t\u00e2m - Jangtse Choje His Eminence Kyabje Gosok Rinpoche Global Website","og_description":"C\u00e1c tu vi\u1ec7n v\u00e0 c\u00e1c trung t\u00e2m \u00d4ng Eminence Kyabje Gosok Rinpoche","og_url":"https:\/\/www.gosokrinpoche.com\/vi\/monasteries-and-centers-vi\/","og_site_name":"Jangtse Choje His Eminence Kyabje Gosok Rinpoche Global Website","article_modified_time":"2019-04-20T00:25:24+00:00","og_image":[{"width":1052,"height":800,"url":"https:\/\/www.gosokrinpoche.com\/wp-content\/uploads\/2016\/09\/Gosok-Rinpoche-2015-DSC00108crop-e1554871410516.jpg","type":"image\/jpeg"}],"twitter_card":"summary_large_image","schema":{"@context":"https:\/\/schema.org","@graph":[{"@type":"WebPage","@id":"https:\/\/www.gosokrinpoche.com\/vi\/monasteries-and-centers-vi\/","url":"https:\/\/www.gosokrinpoche.com\/vi\/monasteries-and-centers-vi\/","name":"Kyabje Gosok Rinpoche C\u00e1c tu vi\u1ec7n v\u00e0 c\u00e1c trung t\u00e2m - Jangtse Choje His Eminence Kyabje Gosok Rinpoche Global Website","isPartOf":{"@id":"https:\/\/www.gosokrinpoche.com\/vi\/#website"},"primaryImageOfPage":{"@id":"https:\/\/www.gosokrinpoche.com\/vi\/monasteries-and-centers-vi\/#primaryimage"},"image":{"@id":"https:\/\/www.gosokrinpoche.com\/vi\/monasteries-and-centers-vi\/#primaryimage"},"thumbnailUrl":"https:\/\/www.gosokrinpoche.com\/wp-content\/uploads\/2016\/09\/Gosok-Rinpoche-2015-DSC00108crop-e1554871410516.jpg","datePublished":"2016-09-28T22:51:47+00:00","dateModified":"2019-04-20T00:25:24+00:00","description":"C\u00e1c tu vi\u1ec7n v\u00e0 c\u00e1c trung t\u00e2m \u00d4ng Eminence Kyabje Gosok Rinpoche","breadcrumb":{"@id":"https:\/\/www.gosokrinpoche.com\/vi\/monasteries-and-centers-vi\/#breadcrumb"},"inLanguage":"vi-VN","potentialAction":[{"@type":"ReadAction","target":["https:\/\/www.gosokrinpoche.com\/vi\/monasteries-and-centers-vi\/"]}]},{"@type":"ImageObject","inLanguage":"vi-VN","@id":"https:\/\/www.gosokrinpoche.com\/vi\/monasteries-and-centers-vi\/#primaryimage","url":"https:\/\/www.gosokrinpoche.com\/wp-content\/uploads\/2016\/09\/Gosok-Rinpoche-2015-DSC00108crop-e1554871410516.jpg","contentUrl":"https:\/\/www.gosokrinpoche.com\/wp-content\/uploads\/2016\/09\/Gosok-Rinpoche-2015-DSC00108crop-e1554871410516.jpg","width":1052,"height":800},{"@type":"BreadcrumbList","@id":"https:\/\/www.gosokrinpoche.com\/vi\/monasteries-and-centers-vi\/#breadcrumb","itemListElement":[{"@type":"ListItem","position":1,"name":"Home","item":"https:\/\/www.gosokrinpoche.com\/vi\/"},{"@type":"ListItem","position":2,"name":"Kyabje Gosok Rinpoche C\u00e1c tu vi\u1ec7n v\u00e0 c\u00e1c trung t\u00e2m"}]},{"@type":"WebSite","@id":"https:\/\/www.gosokrinpoche.com\/vi\/#website","url":"https:\/\/www.gosokrinpoche.com\/vi\/","name":"Jangtse Choje His Eminence Kyabje Gosok Rinpoche","description":"Official Global Site of His Eminence Jangtse Choje Gosok Rinpoche","publisher":{"@id":"https:\/\/www.gosokrinpoche.com\/vi\/#organization"},"potentialAction":[{"@type":"SearchAction","target":{"@type":"EntryPoint","urlTemplate":"https:\/\/www.gosokrinpoche.com\/vi\/?s={search_term_string}"},"query-input":{"@type":"PropertyValueSpecification","valueRequired":true,"valueName":"search_term_string"}}],"inLanguage":"vi-VN"},{"@type":"Organization","@id":"https:\/\/www.gosokrinpoche.com\/vi\/#organization","name":"Gosok Rinpoche","url":"https:\/\/www.gosokrinpoche.com\/vi\/","logo":{"@type":"ImageObject","inLanguage":"vi-VN","@id":"https:\/\/www.gosokrinpoche.com\/vi\/#\/schema\/logo\/image\/","url":"https:\/\/www.gosokrinpoche.com\/wp-content\/uploads\/2016\/09\/kunphen-logo.jpg","contentUrl":"https:\/\/www.gosokrinpoche.com\/wp-content\/uploads\/2016\/09\/kunphen-logo.jpg","width":312,"height":300,"caption":"Gosok Rinpoche"},"image":{"@id":"https:\/\/www.gosokrinpoche.com\/vi\/#\/schema\/logo\/image\/"}}]}},"_links":{"self":[{"href":"https:\/\/www.gosokrinpoche.com\/vi\/wp-json\/wp\/v2\/pages\/585","targetHints":{"allow":["GET"]}}],"collection":[{"href":"https:\/\/www.gosokrinpoche.com\/vi\/wp-json\/wp\/v2\/pages"}],"about":[{"href":"https:\/\/www.gosokrinpoche.com\/vi\/wp-json\/wp\/v2\/types\/page"}],"author":[{"embeddable":true,"href":"https:\/\/www.gosokrinpoche.com\/vi\/wp-json\/wp\/v2\/users\/3"}],"replies":[{"embeddable":true,"href":"https:\/\/www.gosokrinpoche.com\/vi\/wp-json\/wp\/v2\/comments?post=585"}],"version-history":[{"count":0,"href":"https:\/\/www.gosokrinpoche.com\/vi\/wp-json\/wp\/v2\/pages\/585\/revisions"}],"wp:featuredmedia":[{"embeddable":true,"href":"https:\/\/www.gosokrinpoche.com\/vi\/wp-json\/wp\/v2\/media\/6392"}],"wp:attachment":[{"href":"https:\/\/www.gosokrinpoche.com\/vi\/wp-json\/wp\/v2\/media?parent=585"}],"wp:term":[{"taxonomy":"category","embeddable":true,"href":"https:\/\/www.gosokrinpoche.com\/vi\/wp-json\/wp\/v2\/categories?post=585"},{"taxonomy":"post_tag","embeddable":true,"href":"https:\/\/www.gosokrinpoche.com\/vi\/wp-json\/wp\/v2\/tags?post=585"}],"curies":[{"name":"wp","href":"https:\/\/api.w.org\/{rel}","templated":true}]}}