{"id":586,"date":"2016-09-28T18:51:47","date_gmt":"2016-09-28T22:51:47","guid":{"rendered":"http:\/\/www.kunphen.ca\/gosokrinpoche\/?page_id=586"},"modified":"2019-04-19T20:24:26","modified_gmt":"2019-04-20T00:24:26","slug":"monasteries-and-centers-fr","status":"publish","type":"page","link":"https:\/\/www.gosokrinpoche.com\/fr\/monasteries-and-centers-fr\/","title":{"rendered":"Kyabdj\u00e9 Gosok Rinpotch\u00e9 Monast\u00e8res et Centres"},"content":{"rendered":"<div data-elementor-type=\"wp-post\" data-elementor-id=\"586\" class=\"elementor elementor-586 elementor-308\" data-elementor-settings='{\"element_pack_global_tooltip_width\":{\"unit\":\"px\",\"size\":\"\",\"sizes\":[]},\"element_pack_global_tooltip_width_tablet\":{\"unit\":\"px\",\"size\":\"\",\"sizes\":[]},\"element_pack_global_tooltip_width_mobile\":{\"unit\":\"px\",\"size\":\"\",\"sizes\":[]},\"element_pack_global_tooltip_padding\":{\"unit\":\"px\",\"top\":\"\",\"right\":\"\",\"bottom\":\"\",\"left\":\"\",\"isLinked\":true},\"element_pack_global_tooltip_padding_tablet\":{\"unit\":\"px\",\"top\":\"\",\"right\":\"\",\"bottom\":\"\",\"left\":\"\",\"isLinked\":true},\"element_pack_global_tooltip_padding_mobile\":{\"unit\":\"px\",\"top\":\"\",\"right\":\"\",\"bottom\":\"\",\"left\":\"\",\"isLinked\":true},\"element_pack_global_tooltip_border_radius\":{\"unit\":\"px\",\"top\":\"\",\"right\":\"\",\"bottom\":\"\",\"left\":\"\",\"isLinked\":true},\"element_pack_global_tooltip_border_radius_tablet\":{\"unit\":\"px\",\"top\":\"\",\"right\":\"\",\"bottom\":\"\",\"left\":\"\",\"isLinked\":true},\"element_pack_global_tooltip_border_radius_mobile\":{\"unit\":\"px\",\"top\":\"\",\"right\":\"\",\"bottom\":\"\",\"left\":\"\",\"isLinked\":true}}' data-elementor-post-type=\"page\">\n\t\t\t\t\t\t<section class=\"elementor-section elementor-top-section elementor-element elementor-element-v17et5z elementor-section-boxed elementor-section-height-default elementor-section-height-default\" data-id=\"v17et5z\" data-element_type=\"section\" data-e-type=\"section\">\n\t\t\t\t\t\t<div class=\"elementor-container elementor-column-gap-default\">\n\t\t\t\t\t<div class=\"elementor-column elementor-col-100 elementor-top-column elementor-element elementor-element-rx9bar0\" data-id=\"rx9bar0\" data-element_type=\"column\" data-e-type=\"column\">\n\t\t\t<div class=\"elementor-widget-wrap elementor-element-populated\">\n\t\t\t\t\t\t<div class=\"elementor-element elementor-element-b2ae523 elementor-widget elementor-widget-heading\" data-id=\"b2ae523\" data-element_type=\"widget\" data-e-type=\"widget\" data-widget_type=\"heading.default\">\n\t\t\t\t\t<h2 class=\"elementor-heading-title elementor-size-default\">Kyabdj&eacute; Gosok Rinpotch&eacute; Monast&egrave;res et Centres<\/h2>\t\t\t\t<\/div>\n\t\t\t\t<div class=\"elementor-element elementor-element-jwc5k64 elementor-widget elementor-widget-template\" data-id=\"jwc5k64\" data-element_type=\"widget\" data-e-type=\"widget\" data-widget_type=\"template.default\">\n\t\t\t\t<div class=\"elementor-widget-container\">\n\t\t\t\t\t\t\t<div class=\"elementor-template\">\n\t\t\t\t\t<div data-elementor-type=\"page\" data-elementor-id=\"2976\" class=\"elementor elementor-2976\" data-elementor-settings='{\"element_pack_global_tooltip_width\":{\"unit\":\"px\",\"size\":\"\",\"sizes\":[]},\"element_pack_global_tooltip_width_tablet\":{\"unit\":\"px\",\"size\":\"\",\"sizes\":[]},\"element_pack_global_tooltip_width_mobile\":{\"unit\":\"px\",\"size\":\"\",\"sizes\":[]},\"element_pack_global_tooltip_padding\":{\"unit\":\"px\",\"top\":\"\",\"right\":\"\",\"bottom\":\"\",\"left\":\"\",\"isLinked\":true},\"element_pack_global_tooltip_padding_tablet\":{\"unit\":\"px\",\"top\":\"\",\"right\":\"\",\"bottom\":\"\",\"left\":\"\",\"isLinked\":true},\"element_pack_global_tooltip_padding_mobile\":{\"unit\":\"px\",\"top\":\"\",\"right\":\"\",\"bottom\":\"\",\"left\":\"\",\"isLinked\":true},\"element_pack_global_tooltip_border_radius\":{\"unit\":\"px\",\"top\":\"\",\"right\":\"\",\"bottom\":\"\",\"left\":\"\",\"isLinked\":true},\"element_pack_global_tooltip_border_radius_tablet\":{\"unit\":\"px\",\"top\":\"\",\"right\":\"\",\"bottom\":\"\",\"left\":\"\",\"isLinked\":true},\"element_pack_global_tooltip_border_radius_mobile\":{\"unit\":\"px\",\"top\":\"\",\"right\":\"\",\"bottom\":\"\",\"left\":\"\",\"isLinked\":true}}' data-elementor-post-type=\"elementor_library\">\n\t\t\t\t<div class=\"elementor-element elementor-element-ee82083 e-flex e-con-boxed e-con e-parent\" data-id=\"ee82083\" data-element_type=\"container\" data-e-type=\"container\">\n\t\t\t\t\t<div class=\"e-con-inner\">\n\t\t<div class=\"elementor-element elementor-element-c74d354 e-con-full e-flex e-con e-child\" data-id=\"c74d354\" data-element_type=\"container\" data-e-type=\"container\">\n\t\t\t\t<\/div>\n\t\t\t\t\t<\/div>\n\t\t\t\t<\/div>\n\t\t\t\t<\/div>\n\t\t\t\t<\/div>\n\t\t\t\t\t\t<\/div>\n\t\t\t\t<\/div>\n\t\t\t\t\t<\/div>\n\t\t<\/div>\n\t\t\t\t\t<\/div>\n\t\t<\/section>\n\t\t\t\t<\/div>\n\t\t","protected":false},"excerpt":{"rendered":"","protected":false},"author":3,"featured_media":6390,"parent":0,"menu_order":46,"comment_status":"closed","ping_status":"closed","template":"elementor_header_footer","meta":{"footnotes":""},"categories":[],"tags":[],"class_list":["post-586","page","type-page","status-publish","has-post-thumbnail","hentry"],"yoast_head":"<!-- This site is optimized with the Yoast SEO plugin v27.3 - https:\/\/yoast.com\/product\/yoast-seo-wordpress\/ -->\n<title>Kyabdj\u00e9 Gosok Rinpotch\u00e9 Monast\u00e8res et Centres - Jangtse Choje His Eminence Kyabje Gosok Rinpoche Global Website<\/title>\n<meta name=\"description\" content=\"List of Monasteries and Centers around the world of Kyabje Gosok Rinpoche\" \/>\n<meta name=\"robots\" content=\"index, follow, max-snippet:-1, max-image-preview:large, max-video-preview:-1\" \/>\n<link rel=\"canonical\" href=\"https:\/\/www.gosokrinpoche.com\/fr\/monasteries-and-centers-fr\/\" \/>\n<meta property=\"og:locale\" content=\"fr_FR\" \/>\n<meta property=\"og:type\" content=\"article\" \/>\n<meta property=\"og:title\" content=\"Kyabdj\u00e9 Gosok Rinpotch\u00e9 Monast\u00e8res et Centres - Jangtse Choje His Eminence Kyabje Gosok Rinpoche Global Website\" \/>\n<meta property=\"og:description\" content=\"List of Monasteries and Centers around the world of Kyabje Gosok Rinpoche\" \/>\n<meta property=\"og:url\" content=\"https:\/\/www.gosokrinpoche.com\/fr\/monasteries-and-centers-fr\/\" \/>\n<meta property=\"og:site_name\" content=\"Jangtse Choje His Eminence Kyabje Gosok Rinpoche Global Website\" \/>\n<meta property=\"article:modified_time\" content=\"2019-04-20T00:24:26+00:00\" \/>\n<meta property=\"og:image\" content=\"https:\/\/www.gosokrinpoche.com\/wp-content\/uploads\/2016\/09\/Gosok-Rinpoche-2015-DSC00108crop-e1554871410516.jpg\" \/>\n\t<meta property=\"og:image:width\" content=\"1052\" \/>\n\t<meta property=\"og:image:height\" content=\"800\" \/>\n\t<meta property=\"og:image:type\" content=\"image\/jpeg\" \/>\n<meta name=\"twitter:card\" content=\"summary_large_image\" \/>\n<script type=\"application\/ld+json\" class=\"yoast-schema-graph\">{\"@context\":\"https:\\\/\\\/schema.org\",\"@graph\":[{\"@type\":\"WebPage\",\"@id\":\"https:\\\/\\\/www.gosokrinpoche.com\\\/fr\\\/monasteries-and-centers-fr\\\/\",\"url\":\"https:\\\/\\\/www.gosokrinpoche.com\\\/fr\\\/monasteries-and-centers-fr\\\/\",\"name\":\"Kyabdj\u00e9 Gosok Rinpotch\u00e9 Monast\u00e8res et Centres - Jangtse Choje His Eminence Kyabje Gosok Rinpoche Global Website\",\"isPartOf\":{\"@id\":\"https:\\\/\\\/www.gosokrinpoche.com\\\/fr\\\/#website\"},\"primaryImageOfPage\":{\"@id\":\"https:\\\/\\\/www.gosokrinpoche.com\\\/fr\\\/monasteries-and-centers-fr\\\/#primaryimage\"},\"image\":{\"@id\":\"https:\\\/\\\/www.gosokrinpoche.com\\\/fr\\\/monasteries-and-centers-fr\\\/#primaryimage\"},\"thumbnailUrl\":\"https:\\\/\\\/www.gosokrinpoche.com\\\/wp-content\\\/uploads\\\/2016\\\/09\\\/Gosok-Rinpoche-2015-DSC00108crop-e1554871410516.jpg\",\"datePublished\":\"2016-09-28T22:51:47+00:00\",\"dateModified\":\"2019-04-20T00:24:26+00:00\",\"description\":\"List of Monasteries and Centers around the world of Kyabje Gosok Rinpoche\",\"breadcrumb\":{\"@id\":\"https:\\\/\\\/www.gosokrinpoche.com\\\/fr\\\/monasteries-and-centers-fr\\\/#breadcrumb\"},\"inLanguage\":\"fr-FR\",\"potentialAction\":[{\"@type\":\"ReadAction\",\"target\":[\"https:\\\/\\\/www.gosokrinpoche.com\\\/fr\\\/monasteries-and-centers-fr\\\/\"]}]},{\"@type\":\"ImageObject\",\"inLanguage\":\"fr-FR\",\"@id\":\"https:\\\/\\\/www.gosokrinpoche.com\\\/fr\\\/monasteries-and-centers-fr\\\/#primaryimage\",\"url\":\"https:\\\/\\\/www.gosokrinpoche.com\\\/wp-content\\\/uploads\\\/2016\\\/09\\\/Gosok-Rinpoche-2015-DSC00108crop-e1554871410516.jpg\",\"contentUrl\":\"https:\\\/\\\/www.gosokrinpoche.com\\\/wp-content\\\/uploads\\\/2016\\\/09\\\/Gosok-Rinpoche-2015-DSC00108crop-e1554871410516.jpg\",\"width\":1052,\"height\":800},{\"@type\":\"BreadcrumbList\",\"@id\":\"https:\\\/\\\/www.gosokrinpoche.com\\\/fr\\\/monasteries-and-centers-fr\\\/#breadcrumb\",\"itemListElement\":[{\"@type\":\"ListItem\",\"position\":1,\"name\":\"Home\",\"item\":\"https:\\\/\\\/www.gosokrinpoche.com\\\/fr\\\/\"},{\"@type\":\"ListItem\",\"position\":2,\"name\":\"Kyabdj\u00e9 Gosok Rinpotch\u00e9 Monast\u00e8res et Centres\"}]},{\"@type\":\"WebSite\",\"@id\":\"https:\\\/\\\/www.gosokrinpoche.com\\\/fr\\\/#website\",\"url\":\"https:\\\/\\\/www.gosokrinpoche.com\\\/fr\\\/\",\"name\":\"Jangtse Choje His Eminence Kyabje Gosok Rinpoche\",\"description\":\"Official Global Site of His Eminence Jangtse Choje Gosok Rinpoche\",\"publisher\":{\"@id\":\"https:\\\/\\\/www.gosokrinpoche.com\\\/fr\\\/#organization\"},\"potentialAction\":[{\"@type\":\"SearchAction\",\"target\":{\"@type\":\"EntryPoint\",\"urlTemplate\":\"https:\\\/\\\/www.gosokrinpoche.com\\\/fr\\\/?s={search_term_string}\"},\"query-input\":{\"@type\":\"PropertyValueSpecification\",\"valueRequired\":true,\"valueName\":\"search_term_string\"}}],\"inLanguage\":\"fr-FR\"},{\"@type\":\"Organization\",\"@id\":\"https:\\\/\\\/www.gosokrinpoche.com\\\/fr\\\/#organization\",\"name\":\"Gosok Rinpoche\",\"url\":\"https:\\\/\\\/www.gosokrinpoche.com\\\/fr\\\/\",\"logo\":{\"@type\":\"ImageObject\",\"inLanguage\":\"fr-FR\",\"@id\":\"https:\\\/\\\/www.gosokrinpoche.com\\\/fr\\\/#\\\/schema\\\/logo\\\/image\\\/\",\"url\":\"https:\\\/\\\/www.gosokrinpoche.com\\\/wp-content\\\/uploads\\\/2016\\\/09\\\/kunphen-logo.jpg\",\"contentUrl\":\"https:\\\/\\\/www.gosokrinpoche.com\\\/wp-content\\\/uploads\\\/2016\\\/09\\\/kunphen-logo.jpg\",\"width\":312,\"height\":300,\"caption\":\"Gosok Rinpoche\"},\"image\":{\"@id\":\"https:\\\/\\\/www.gosokrinpoche.com\\\/fr\\\/#\\\/schema\\\/logo\\\/image\\\/\"}}]}<\/script>\n<!-- \/ Yoast SEO plugin. -->","yoast_head_json":{"title":"Kyabdj\u00e9 Gosok Rinpotch\u00e9 Monast\u00e8res et Centres - Jangtse Choje His Eminence Kyabje Gosok Rinpoche Global Website","description":"List of Monasteries and Centers around the world of Kyabje Gosok Rinpoche","robots":{"index":"index","follow":"follow","max-snippet":"max-snippet:-1","max-image-preview":"max-image-preview:large","max-video-preview":"max-video-preview:-1"},"canonical":"https:\/\/www.gosokrinpoche.com\/fr\/monasteries-and-centers-fr\/","og_locale":"fr_FR","og_type":"article","og_title":"Kyabdj\u00e9 Gosok Rinpotch\u00e9 Monast\u00e8res et Centres - Jangtse Choje His Eminence Kyabje Gosok Rinpoche Global Website","og_description":"List of Monasteries and Centers around the world of Kyabje Gosok Rinpoche","og_url":"https:\/\/www.gosokrinpoche.com\/fr\/monasteries-and-centers-fr\/","og_site_name":"Jangtse Choje His Eminence Kyabje Gosok Rinpoche Global Website","article_modified_time":"2019-04-20T00:24:26+00:00","og_image":[{"width":1052,"height":800,"url":"https:\/\/www.gosokrinpoche.com\/wp-content\/uploads\/2016\/09\/Gosok-Rinpoche-2015-DSC00108crop-e1554871410516.jpg","type":"image\/jpeg"}],"twitter_card":"summary_large_image","schema":{"@context":"https:\/\/schema.org","@graph":[{"@type":"WebPage","@id":"https:\/\/www.gosokrinpoche.com\/fr\/monasteries-and-centers-fr\/","url":"https:\/\/www.gosokrinpoche.com\/fr\/monasteries-and-centers-fr\/","name":"Kyabdj\u00e9 Gosok Rinpotch\u00e9 Monast\u00e8res et Centres - Jangtse Choje His Eminence Kyabje Gosok Rinpoche Global Website","isPartOf":{"@id":"https:\/\/www.gosokrinpoche.com\/fr\/#website"},"primaryImageOfPage":{"@id":"https:\/\/www.gosokrinpoche.com\/fr\/monasteries-and-centers-fr\/#primaryimage"},"image":{"@id":"https:\/\/www.gosokrinpoche.com\/fr\/monasteries-and-centers-fr\/#primaryimage"},"thumbnailUrl":"https:\/\/www.gosokrinpoche.com\/wp-content\/uploads\/2016\/09\/Gosok-Rinpoche-2015-DSC00108crop-e1554871410516.jpg","datePublished":"2016-09-28T22:51:47+00:00","dateModified":"2019-04-20T00:24:26+00:00","description":"List of Monasteries and Centers around the world of Kyabje Gosok Rinpoche","breadcrumb":{"@id":"https:\/\/www.gosokrinpoche.com\/fr\/monasteries-and-centers-fr\/#breadcrumb"},"inLanguage":"fr-FR","potentialAction":[{"@type":"ReadAction","target":["https:\/\/www.gosokrinpoche.com\/fr\/monasteries-and-centers-fr\/"]}]},{"@type":"ImageObject","inLanguage":"fr-FR","@id":"https:\/\/www.gosokrinpoche.com\/fr\/monasteries-and-centers-fr\/#primaryimage","url":"https:\/\/www.gosokrinpoche.com\/wp-content\/uploads\/2016\/09\/Gosok-Rinpoche-2015-DSC00108crop-e1554871410516.jpg","contentUrl":"https:\/\/www.gosokrinpoche.com\/wp-content\/uploads\/2016\/09\/Gosok-Rinpoche-2015-DSC00108crop-e1554871410516.jpg","width":1052,"height":800},{"@type":"BreadcrumbList","@id":"https:\/\/www.gosokrinpoche.com\/fr\/monasteries-and-centers-fr\/#breadcrumb","itemListElement":[{"@type":"ListItem","position":1,"name":"Home","item":"https:\/\/www.gosokrinpoche.com\/fr\/"},{"@type":"ListItem","position":2,"name":"Kyabdj\u00e9 Gosok Rinpotch\u00e9 Monast\u00e8res et Centres"}]},{"@type":"WebSite","@id":"https:\/\/www.gosokrinpoche.com\/fr\/#website","url":"https:\/\/www.gosokrinpoche.com\/fr\/","name":"Jangtse Choje His Eminence Kyabje Gosok Rinpoche","description":"Official Global Site of His Eminence Jangtse Choje Gosok Rinpoche","publisher":{"@id":"https:\/\/www.gosokrinpoche.com\/fr\/#organization"},"potentialAction":[{"@type":"SearchAction","target":{"@type":"EntryPoint","urlTemplate":"https:\/\/www.gosokrinpoche.com\/fr\/?s={search_term_string}"},"query-input":{"@type":"PropertyValueSpecification","valueRequired":true,"valueName":"search_term_string"}}],"inLanguage":"fr-FR"},{"@type":"Organization","@id":"https:\/\/www.gosokrinpoche.com\/fr\/#organization","name":"Gosok Rinpoche","url":"https:\/\/www.gosokrinpoche.com\/fr\/","logo":{"@type":"ImageObject","inLanguage":"fr-FR","@id":"https:\/\/www.gosokrinpoche.com\/fr\/#\/schema\/logo\/image\/","url":"https:\/\/www.gosokrinpoche.com\/wp-content\/uploads\/2016\/09\/kunphen-logo.jpg","contentUrl":"https:\/\/www.gosokrinpoche.com\/wp-content\/uploads\/2016\/09\/kunphen-logo.jpg","width":312,"height":300,"caption":"Gosok Rinpoche"},"image":{"@id":"https:\/\/www.gosokrinpoche.com\/fr\/#\/schema\/logo\/image\/"}}]}},"_links":{"self":[{"href":"https:\/\/www.gosokrinpoche.com\/fr\/wp-json\/wp\/v2\/pages\/586","targetHints":{"allow":["GET"]}}],"collection":[{"href":"https:\/\/www.gosokrinpoche.com\/fr\/wp-json\/wp\/v2\/pages"}],"about":[{"href":"https:\/\/www.gosokrinpoche.com\/fr\/wp-json\/wp\/v2\/types\/page"}],"author":[{"embeddable":true,"href":"https:\/\/www.gosokrinpoche.com\/fr\/wp-json\/wp\/v2\/users\/3"}],"replies":[{"embeddable":true,"href":"https:\/\/www.gosokrinpoche.com\/fr\/wp-json\/wp\/v2\/comments?post=586"}],"version-history":[{"count":0,"href":"https:\/\/www.gosokrinpoche.com\/fr\/wp-json\/wp\/v2\/pages\/586\/revisions"}],"wp:featuredmedia":[{"embeddable":true,"href":"https:\/\/www.gosokrinpoche.com\/fr\/wp-json\/wp\/v2\/media\/6390"}],"wp:attachment":[{"href":"https:\/\/www.gosokrinpoche.com\/fr\/wp-json\/wp\/v2\/media?parent=586"}],"wp:term":[{"taxonomy":"category","embeddable":true,"href":"https:\/\/www.gosokrinpoche.com\/fr\/wp-json\/wp\/v2\/categories?post=586"},{"taxonomy":"post_tag","embeddable":true,"href":"https:\/\/www.gosokrinpoche.com\/fr\/wp-json\/wp\/v2\/tags?post=586"}],"curies":[{"name":"wp","href":"https:\/\/api.w.org\/{rel}","templated":true}]}}